{"id":2104,"date":"2026-03-06T13:52:42","date_gmt":"2026-03-06T13:52:42","guid":{"rendered":"https:\/\/chezlhetre.nl\/?page_id=2104"},"modified":"2026-04-16T07:28:34","modified_gmt":"2026-04-16T07:28:34","slug":"menudumarche","status":"publish","type":"page","link":"https:\/\/chezlhetre.nl\/de\/menudumarche\/","title":{"rendered":"Elementor #2104"},"content":{"rendered":"<div data-elementor-type=\"wp-post\" data-elementor-id=\"2104\" class=\"elementor elementor-2104\" data-elementor-post-type=\"page\">\n\t\t\t\t<div class=\"elementor-element elementor-element-4555b4df e-con-full e-flex e-con e-parent\" data-id=\"4555b4df\" data-element_type=\"container\" data-e-type=\"container\">\n\t\t<div class=\"elementor-element elementor-element-5eb491b7 e-con-full e-flex e-con e-child\" data-id=\"5eb491b7\" data-element_type=\"container\" data-e-type=\"container\">\n\t\t\t\t<div class=\"elementor-element elementor-element-40da98c0 elementor-widget elementor-widget-image\" data-id=\"40da98c0\" data-element_type=\"widget\" data-e-type=\"widget\" data-widget_type=\"image.default\">\n\t\t\t\t<div class=\"elementor-widget-container\">\n\t\t\t\t\t\t\t\t\t\t\t\t\t\t\t<img decoding=\"async\" src=\"https:\/\/chezlhetre.nl\/wp-content\/uploads\/2026\/04\/Menu-du-Marche-april-mei-.pdf\" title=\"\" alt=\"\" loading=\"lazy\" \/>\t\t\t\t\t\t\t\t\t\t\t\t\t\t\t<\/div>\n\t\t\t\t<\/div>\n\t\t\t\t<\/div>\n\t\t<div class=\"elementor-element elementor-element-e3633b8 e-con-full e-flex e-con e-child\" data-id=\"e3633b8\" data-element_type=\"container\" data-e-type=\"container\">\n\t\t\t\t<div class=\"elementor-element elementor-element-3e42b92b elementor-widget elementor-widget-heading\" data-id=\"3e42b92b\" data-element_type=\"widget\" data-e-type=\"widget\" data-widget_type=\"heading.default\">\n\t\t\t\t<div class=\"elementor-widget-container\">\n\t\t\t\t\t<h2 class=\"elementor-heading-title elementor-size-default\">Menu du March\u00e9<\/h2>\t\t\t\t<\/div>\n\t\t\t\t<\/div>\n\t\t\t\t<div class=\"elementor-element elementor-element-12e68cf6 elementor-widget__width-auto elementor-mobile-align-center elementor-widget-mobile__width-inherit elementor-align-left elementor-widget elementor-widget-button\" data-id=\"12e68cf6\" data-element_type=\"widget\" data-e-type=\"widget\" data-widget_type=\"button.default\">\n\t\t\t\t<div class=\"elementor-widget-container\">\n\t\t\t\t\t\t\t\t\t<div class=\"elementor-button-wrapper\">\n\t\t\t\t\t<a class=\"elementor-button elementor-button-link elementor-size-md\" href=\"https:\/\/chezlhetre.nl\/de\/reserveren\/\">\n\t\t\t\t\t\t<span class=\"elementor-button-content-wrapper\">\n\t\t\t\t\t\t\t\t\t<span class=\"elementor-button-text\">Reservieren<\/span>\n\t\t\t\t\t<\/span>\n\t\t\t\t\t<\/a>\n\t\t\t\t<\/div>\n\t\t\t\t\t\t\t\t<\/div>\n\t\t\t\t<\/div>\n\t\t\t\t<div class=\"elementor-element elementor-element-36ef169b elementor-widget elementor-widget-text-editor\" data-id=\"36ef169b\" data-element_type=\"widget\" data-e-type=\"widget\" data-widget_type=\"text-editor.default\">\n\t\t\t\t<div class=\"elementor-widget-container\">\n\t\t\t\t\t\t\t\t\t<h1>Menu de March\u00e9 bij Chez l\u2019H\u00eatre<\/h1><p>Op <strong>dinsdag, woensdag en donderdag<\/strong> draait het bij Chez l\u2019H\u00eatre om genieten in alle rust.<br \/>Met ons <strong>Menu de March\u00e9<\/strong> nodigen we je uit om ook doordeweeks een avond voor jezelf, voor elkaar en voor goed eten te nemen.<\/p><p>Wij geloven dat een bijzondere restaurantbeleving niet alleen voor het weekend hoeft te zijn.<br \/>Juist midden in de week ontstaat er ruimte om even stil te staan, samen te tafelen en te genieten van gerechten die met zorg en aandacht zijn bereid.<\/p><h2>Kies jouw avond<\/h2><p><strong>2 gangen \u00a0\u20ac45<\/strong><br \/><strong>3 gangen \u00a0\u20ac49,50<\/strong><\/p><p>Met keuze uit <strong>vis, vlees of vegetarisch<\/strong> is er voor iedereen een passend menu.<br \/>Bij Chez l\u2019H\u00eatre vinden we het vanzelfsprekend dat iedereen zich welkom voelt en ontspannen kan kiezen wat het beste past bij zijn of haar smaak.<\/p><h2>Onze gedachte achter het Menu de March\u00e9<\/h2><p>Het Menu de March\u00e9 is ontstaan vanuit een eenvoudige overtuiging:<br \/>goed eten brengt mensen samen.<\/p><p>Daarom cre\u00ebren we een menu dat toegankelijk is, verfijnd aanvoelt en ruimte laat voor keuze.<br \/>Geen overdaad, maar kwaliteit. Geen ingewikkeldheid, maar gastvrijheid.<br \/>Een warme avond uit, waarin smaak, sfeer en aandacht samenkomen.<\/p><h2>Doordeweeks iets om naar uit te kijken<\/h2><p>Een diner op dinsdag, woensdag of donderdag kan net zo bijzonder zijn als een avond in het weekend.<br \/>Misschien zelfs nog meer.<br \/>Even ontsnappen aan de drukte van de dag, aanschuiven in een warme setting en je laten verrassen door een menu dat met zorg is samengesteld.<\/p><p>Of je nu komt voor een gezellig diner samen, een ontspannen avond met vrienden of gewoon omdat je zin hebt in iets moois:<br \/>het <strong>Menu de March\u00e9<\/strong> is er om van een gewone weekavond iets bijzonders te maken.<\/p><h2>Reserveer jouw tafel<\/h2><p>Laat je verwelkomen, kies het menu dat bij je past en geniet van een doordeweekse avond vol smaak en aandacht.<\/p><p><strong>Reserveer nu en ontdek het Menu de March\u00e9 bij Chez l\u2019H\u00eatre.<\/strong><\/p><p>\u00a0<\/p>\t\t\t\t\t\t\t\t<\/div>\n\t\t\t\t<\/div>\n\t\t\t\t<\/div>\n\t\t\t\t<\/div>\n\t\t<div class=\"elementor-element elementor-element-92cce92 e-flex e-con-boxed e-con e-parent\" data-id=\"92cce92\" data-element_type=\"container\" data-e-type=\"container\">\n\t\t\t\t\t<div class=\"e-con-inner\">\n\t\t\t\t<div class=\"elementor-element elementor-element-f348900 elementor-widget elementor-widget-image\" data-id=\"f348900\" data-element_type=\"widget\" data-e-type=\"widget\" data-widget_type=\"image.default\">\n\t\t\t\t<div class=\"elementor-widget-container\">\n\t\t\t\t\t\t\t\t\t\t\t\t\t\t\t<img decoding=\"async\" src=\"https:\/\/chezlhetre.nl\/wp-content\/uploads\/elementor\/thumbs\/128_EnriqueMeesters_ChezLhetre_HR_20250424-scaled-r7l8qc3hpbvbq6boca75htc2ispyh1fln2u6p9ronc.jpg\" title=\"\ud83d\udcf8 Enrique Meesters\" alt=\"\ud83d\udcf8 Enrique Meesters\" loading=\"lazy\" \/>\t\t\t\t\t\t\t\t\t\t\t\t\t\t\t<\/div>\n\t\t\t\t<\/div>\n\t\t\t\t\t<\/div>\n\t\t\t\t<\/div>\n\t\t\t\t<\/div>","protected":false},"excerpt":{"rendered":"<p>Menu du March\u00e9 Reserveren Menu de March\u00e9 bij Chez l\u2019H\u00eatre Op dinsdag, woensdag en donderdag draait het bij Chez l\u2019H\u00eatre om genieten in alle rust.Met ons Menu de March\u00e9 nodigen we je uit om ook doordeweeks een avond voor jezelf, voor elkaar en voor goed eten te nemen. Wij geloven dat een bijzondere restaurantbeleving niet [&hellip;]<\/p>\n","protected":false},"author":3,"featured_media":0,"parent":0,"menu_order":0,"comment_status":"closed","ping_status":"closed","template":"","meta":{"_acf_changed":false,"footnotes":""},"class_list":["post-2104","page","type-page","status-publish","hentry"],"acf":[],"yoast_head":"<!-- This site is optimized with the Yoast SEO plugin v27.1.1 - https:\/\/yoast.com\/product\/yoast-seo-wordpress\/ -->\n<title>Elementor #2104 - Restaurant Chez l&#039;H\u00eatre Venlo<\/title>\n<meta name=\"robots\" content=\"index, follow, max-snippet:-1, max-image-preview:large, max-video-preview:-1\" \/>\n<link rel=\"canonical\" href=\"https:\/\/chezlhetre.nl\/de\/menudumarche\/\" \/>\n<meta property=\"og:locale\" content=\"de_DE\" \/>\n<meta property=\"og:type\" content=\"article\" \/>\n<meta property=\"og:title\" content=\"Elementor #2104 - Restaurant Chez l&#039;H\u00eatre Venlo\" \/>\n<meta property=\"og:description\" content=\"Menu du March\u00e9 Reserveren Menu de March\u00e9 bij Chez l\u2019H\u00eatre Op dinsdag, woensdag en donderdag draait het bij Chez l\u2019H\u00eatre om genieten in alle rust.Met ons Menu de March\u00e9 nodigen we je uit om ook doordeweeks een avond voor jezelf, voor elkaar en voor goed eten te nemen. Wij geloven dat een bijzondere restaurantbeleving niet [&hellip;]\" \/>\n<meta property=\"og:url\" content=\"https:\/\/chezlhetre.nl\/de\/menudumarche\/\" \/>\n<meta property=\"og:site_name\" content=\"Restaurant Chez l&#039;H\u00eatre Venlo\" \/>\n<meta property=\"article:publisher\" content=\"https:\/\/www.facebook.com\/chezlhetre\" \/>\n<meta property=\"article:modified_time\" content=\"2026-04-16T07:28:34+00:00\" \/>\n<meta property=\"og:image\" content=\"https:\/\/chezlhetre.nl\/wp-content\/uploads\/2026\/04\/Menu-du-Marche-april-mei-.pdf\" \/>\n<meta name=\"twitter:card\" content=\"summary_large_image\" \/>\n<meta name=\"twitter:label1\" content=\"Gesch\u00e4tzte Lesezeit\" \/>\n\t<meta name=\"twitter:data1\" content=\"2\u00a0Minuten\" \/>\n<script type=\"application\/ld+json\" class=\"yoast-schema-graph\">{\"@context\":\"https:\/\/schema.org\",\"@graph\":[{\"@type\":\"WebPage\",\"@id\":\"https:\/\/chezlhetre.nl\/menudumarche\/\",\"url\":\"https:\/\/chezlhetre.nl\/menudumarche\/\",\"name\":\"Elementor #2104 - Restaurant Chez l&#039;H\u00eatre Venlo\",\"isPartOf\":{\"@id\":\"https:\/\/chezlhetre.nl\/#website\"},\"primaryImageOfPage\":{\"@id\":\"https:\/\/chezlhetre.nl\/menudumarche\/#primaryimage\"},\"image\":{\"@id\":\"https:\/\/chezlhetre.nl\/menudumarche\/#primaryimage\"},\"thumbnailUrl\":\"https:\/\/chezlhetre.nl\/wp-content\/uploads\/2026\/04\/Menu-du-Marche-april-mei-.pdf\",\"datePublished\":\"2026-03-06T13:52:42+00:00\",\"dateModified\":\"2026-04-16T07:28:34+00:00\",\"breadcrumb\":{\"@id\":\"https:\/\/chezlhetre.nl\/menudumarche\/#breadcrumb\"},\"inLanguage\":\"de\",\"potentialAction\":[{\"@type\":\"ReadAction\",\"target\":[\"https:\/\/chezlhetre.nl\/menudumarche\/\"]}]},{\"@type\":\"ImageObject\",\"inLanguage\":\"de\",\"@id\":\"https:\/\/chezlhetre.nl\/menudumarche\/#primaryimage\",\"url\":\"https:\/\/chezlhetre.nl\/wp-content\/uploads\/2026\/04\/Menu-du-Marche-april-mei-.pdf\",\"contentUrl\":\"https:\/\/chezlhetre.nl\/wp-content\/uploads\/2026\/04\/Menu-du-Marche-april-mei-.pdf\"},{\"@type\":\"BreadcrumbList\",\"@id\":\"https:\/\/chezlhetre.nl\/menudumarche\/#breadcrumb\",\"itemListElement\":[{\"@type\":\"ListItem\",\"position\":1,\"name\":\"Home\",\"item\":\"https:\/\/chezlhetre.nl\/\"},{\"@type\":\"ListItem\",\"position\":2,\"name\":\"Elementor #2104\"}]},{\"@type\":\"WebSite\",\"@id\":\"https:\/\/chezlhetre.nl\/#website\",\"url\":\"https:\/\/chezlhetre.nl\/\",\"name\":\"Restaurant Chez l&#039;H\u00eatre Venlo\",\"description\":\"See you @CHEZ!\",\"publisher\":{\"@id\":\"https:\/\/chezlhetre.nl\/#organization\"},\"potentialAction\":[{\"@type\":\"SearchAction\",\"target\":{\"@type\":\"EntryPoint\",\"urlTemplate\":\"https:\/\/chezlhetre.nl\/?s={search_term_string}\"},\"query-input\":{\"@type\":\"PropertyValueSpecification\",\"valueRequired\":true,\"valueName\":\"search_term_string\"}}],\"inLanguage\":\"de\"},{\"@type\":\"Organization\",\"@id\":\"https:\/\/chezlhetre.nl\/#organization\",\"name\":\"Restaurant Chez 'lH\u00eatre Venlo\",\"url\":\"https:\/\/chezlhetre.nl\/\",\"logo\":{\"@type\":\"ImageObject\",\"inLanguage\":\"de\",\"@id\":\"https:\/\/chezlhetre.nl\/#\/schema\/logo\/image\/\",\"url\":\"https:\/\/chezlhetre.nl\/wp-content\/uploads\/2021\/04\/logo-1.png\",\"contentUrl\":\"https:\/\/chezlhetre.nl\/wp-content\/uploads\/2021\/04\/logo-1.png\",\"width\":627,\"height\":592,\"caption\":\"Restaurant Chez 'lH\u00eatre Venlo\"},\"image\":{\"@id\":\"https:\/\/chezlhetre.nl\/#\/schema\/logo\/image\/\"},\"sameAs\":[\"https:\/\/www.facebook.com\/chezlhetre\",\"https:\/\/www.instagram.com\/chez_lhetre\/\"]}]}<\/script>\n<!-- \/ Yoast SEO plugin. -->","yoast_head_json":{"title":"Elementor #2104 - Restaurant Chez l&#039;H\u00eatre Venlo","robots":{"index":"index","follow":"follow","max-snippet":"max-snippet:-1","max-image-preview":"max-image-preview:large","max-video-preview":"max-video-preview:-1"},"canonical":"https:\/\/chezlhetre.nl\/de\/menudumarche\/","og_locale":"de_DE","og_type":"article","og_title":"Elementor #2104 - Restaurant Chez l&#039;H\u00eatre Venlo","og_description":"Menu du March\u00e9 Reserveren Menu de March\u00e9 bij Chez l\u2019H\u00eatre Op dinsdag, woensdag en donderdag draait het bij Chez l\u2019H\u00eatre om genieten in alle rust.Met ons Menu de March\u00e9 nodigen we je uit om ook doordeweeks een avond voor jezelf, voor elkaar en voor goed eten te nemen. Wij geloven dat een bijzondere restaurantbeleving niet [&hellip;]","og_url":"https:\/\/chezlhetre.nl\/de\/menudumarche\/","og_site_name":"Restaurant Chez l&#039;H\u00eatre Venlo","article_publisher":"https:\/\/www.facebook.com\/chezlhetre","article_modified_time":"2026-04-16T07:28:34+00:00","og_image":[{"url":"https:\/\/chezlhetre.nl\/wp-content\/uploads\/2026\/04\/Menu-du-Marche-april-mei-.pdf","type":"","width":"","height":""}],"twitter_card":"summary_large_image","twitter_misc":{"Gesch\u00e4tzte Lesezeit":"2\u00a0Minuten"},"schema":{"@context":"https:\/\/schema.org","@graph":[{"@type":"WebPage","@id":"https:\/\/chezlhetre.nl\/menudumarche\/","url":"https:\/\/chezlhetre.nl\/menudumarche\/","name":"Elementor #2104 - Restaurant Chez l&#039;H\u00eatre Venlo","isPartOf":{"@id":"https:\/\/chezlhetre.nl\/#website"},"primaryImageOfPage":{"@id":"https:\/\/chezlhetre.nl\/menudumarche\/#primaryimage"},"image":{"@id":"https:\/\/chezlhetre.nl\/menudumarche\/#primaryimage"},"thumbnailUrl":"https:\/\/chezlhetre.nl\/wp-content\/uploads\/2026\/04\/Menu-du-Marche-april-mei-.pdf","datePublished":"2026-03-06T13:52:42+00:00","dateModified":"2026-04-16T07:28:34+00:00","breadcrumb":{"@id":"https:\/\/chezlhetre.nl\/menudumarche\/#breadcrumb"},"inLanguage":"de","potentialAction":[{"@type":"ReadAction","target":["https:\/\/chezlhetre.nl\/menudumarche\/"]}]},{"@type":"ImageObject","inLanguage":"de","@id":"https:\/\/chezlhetre.nl\/menudumarche\/#primaryimage","url":"https:\/\/chezlhetre.nl\/wp-content\/uploads\/2026\/04\/Menu-du-Marche-april-mei-.pdf","contentUrl":"https:\/\/chezlhetre.nl\/wp-content\/uploads\/2026\/04\/Menu-du-Marche-april-mei-.pdf"},{"@type":"BreadcrumbList","@id":"https:\/\/chezlhetre.nl\/menudumarche\/#breadcrumb","itemListElement":[{"@type":"ListItem","position":1,"name":"Home","item":"https:\/\/chezlhetre.nl\/"},{"@type":"ListItem","position":2,"name":"Elementor #2104"}]},{"@type":"WebSite","@id":"https:\/\/chezlhetre.nl\/#website","url":"https:\/\/chezlhetre.nl\/","name":"Restaurant Chez l&#039;H\u00eatre Venlo","description":"See you @CHEZ!","publisher":{"@id":"https:\/\/chezlhetre.nl\/#organization"},"potentialAction":[{"@type":"SearchAction","target":{"@type":"EntryPoint","urlTemplate":"https:\/\/chezlhetre.nl\/?s={search_term_string}"},"query-input":{"@type":"PropertyValueSpecification","valueRequired":true,"valueName":"search_term_string"}}],"inLanguage":"de"},{"@type":"Organization","@id":"https:\/\/chezlhetre.nl\/#organization","name":"Restaurant Chez 'lH\u00eatre Venlo","url":"https:\/\/chezlhetre.nl\/","logo":{"@type":"ImageObject","inLanguage":"de","@id":"https:\/\/chezlhetre.nl\/#\/schema\/logo\/image\/","url":"https:\/\/chezlhetre.nl\/wp-content\/uploads\/2021\/04\/logo-1.png","contentUrl":"https:\/\/chezlhetre.nl\/wp-content\/uploads\/2021\/04\/logo-1.png","width":627,"height":592,"caption":"Restaurant Chez 'lH\u00eatre Venlo"},"image":{"@id":"https:\/\/chezlhetre.nl\/#\/schema\/logo\/image\/"},"sameAs":["https:\/\/www.facebook.com\/chezlhetre","https:\/\/www.instagram.com\/chez_lhetre\/"]}]}},"_links":{"self":[{"href":"https:\/\/chezlhetre.nl\/de\/wp-json\/wp\/v2\/pages\/2104","targetHints":{"allow":["GET"]}}],"collection":[{"href":"https:\/\/chezlhetre.nl\/de\/wp-json\/wp\/v2\/pages"}],"about":[{"href":"https:\/\/chezlhetre.nl\/de\/wp-json\/wp\/v2\/types\/page"}],"author":[{"embeddable":true,"href":"https:\/\/chezlhetre.nl\/de\/wp-json\/wp\/v2\/users\/3"}],"replies":[{"embeddable":true,"href":"https:\/\/chezlhetre.nl\/de\/wp-json\/wp\/v2\/comments?post=2104"}],"version-history":[{"count":8,"href":"https:\/\/chezlhetre.nl\/de\/wp-json\/wp\/v2\/pages\/2104\/revisions"}],"predecessor-version":[{"id":2135,"href":"https:\/\/chezlhetre.nl\/de\/wp-json\/wp\/v2\/pages\/2104\/revisions\/2135"}],"wp:attachment":[{"href":"https:\/\/chezlhetre.nl\/de\/wp-json\/wp\/v2\/media?parent=2104"}],"curies":[{"name":"wp","href":"https:\/\/api.w.org\/{rel}","templated":true}]}}